{"id":2172,"date":"2015-11-01T16:26:17","date_gmt":"2015-11-01T16:26:17","guid":{"rendered":"http:\/\/danriis.dk\/?page_id=2172"},"modified":"2015-11-01T16:26:17","modified_gmt":"2015-11-01T16:26:17","slug":"orpalia","status":"publish","type":"page","link":"https:\/\/danriis.dk\/?page_id=2172","title":{"rendered":"Orpalia"},"content":{"rendered":"<h1 style=\"text-align: center;\">ORPALIA<\/h1>\n<h6 style=\"text-align: center;\">Logic pro x | M-audio midi keybord<\/h6>\n<p style=\"text-align: center;\">Efter n\u00e6sten 15 \u00e5rs pause fik jeg k\u00f8bt mig et M-AUDIO MIDI keyboard. M-AUDIO laver nogle udem\u00e6rket billige MIDI keyboards.<\/p>\n<p style=\"text-align: center;\">Nummeret her er lavet helt fra bunden p\u00e5 ca 14 dage. Fra indl\u00e6ring til det f\u00e6rdige nummer. Intet er l\u00e5nt fra andre musikkere.<\/p>\n<p style=\"text-align: center;\">\n<audio class=\"wp-audio-shortcode\" id=\"audio-2172-1\" preload=\"none\" style=\"width: 100%;\" controls=\"controls\"><source type=\"audio\/mpeg\" src=\"http:\/\/danriis.dk\/wp-content\/uploads\/2015\/11\/Orpalia-2.mp3?_=1\" \/><a href=\"http:\/\/danriis.dk\/wp-content\/uploads\/2015\/11\/Orpalia-2.mp3\">http:\/\/danriis.dk\/wp-content\/uploads\/2015\/11\/Orpalia-2.mp3<\/a><\/audio>\n","protected":false},"excerpt":{"rendered":"<p>ORPALIA Logic pro x | M-audio midi keybord Efter n\u00e6sten 15 \u00e5rs pause fik jeg k\u00f8bt mig et M-AUDIO MIDI keyboard. M-AUDIO laver nogle udem\u00e6rket billige MIDI keyboards. Nummeret her er lavet helt fra bunden p\u00e5 ca 14 dage. Fra indl\u00e6ring til det f\u00e6rdige nummer. Intet er l\u00e5nt fra andre musikkere.<\/p>\n","protected":false},"author":1,"featured_media":2175,"parent":0,"menu_order":0,"comment_status":"open","ping_status":"closed","template":"","meta":{"spay_email":"","footnotes":""},"class_list":["post-2172","page","type-page","status-publish","has-post-thumbnail","hentry"],"jetpack_sharing_enabled":false,"jetpack_shortlink":"https:\/\/wp.me\/P1RLCR-z2","jetpack_likes_enabled":false,"jetpack-related-posts":[{"id":474,"url":"https:\/\/danriis.dk\/?page_id=474","url_meta":{"origin":2172,"position":0},"title":"Orpalia Pop","date":"marts 1, 2015","format":false,"excerpt":"Orpalia Pop Dette nummer er lavet med Apple Logic X p\u00e5 en 27\" iMac fra 2013 med 16 gigabyte RAM og i7 CPU. Keybordet er et billigt fra M-Audio (Midi). Jeg kom igang i sommeren 2014 igen med at lave musik efter mere end 15 \u00e5rs pause. Udviklingen har ikke\u2026","rel":"","context":"Similar post","img":{"alt_text":"","src":"https:\/\/i0.wp.com\/danriis.dk\/wp-content\/uploads\/2015\/11\/logic-pro-x.jpg?fit=1200%2C463&ssl=1&resize=350%2C200","width":350,"height":200},"classes":[]},{"id":1585,"url":"https:\/\/danriis.dk\/?page_id=1585","url_meta":{"origin":2172,"position":1},"title":"Bech Nielsen Band","date":"marts 6, 2015","format":false,"excerpt":"Morten Bech Nielsen m\u00f8dte jeg under en foto opgave hvor han var hyret som musikere. Han er en utrolig dygtig keyboard spiller, og er en rar person, som er behagelig at omg\u00e5s. Se hans hjemmeside\u00a0http:\/\/www.mortenbechnielsen.dk\/ for mere information.","rel":"","context":"Similar post","img":{"alt_text":"","src":"https:\/\/i0.wp.com\/danriis.dk\/wp-content\/uploads\/2015\/03\/Bech-Nielsen-Band-1-300x246.jpg?resize=350%2C200","width":350,"height":200},"classes":[]},{"id":178,"url":"https:\/\/danriis.dk\/?page_id=178","url_meta":{"origin":2172,"position":2},"title":"Profil","date":"februar 27, 2015","format":false,"excerpt":"velkommen til www.danriis.dk Mit navn er Dan Riis og er bosat i Svenstrup ved Aalborg. Oprindeligt kommer jeg fra Ish\u00f8j ved K\u00f8benhavn, men flyttede til Aalborg pga famili\u00e6re omst\u00e6ndigheder. Idag er mit liv meget anderledes end for 10 \u00e5r siden da jeg flyttede til Aalborg. Jeg m\u00f8dte min kone Amalie\u2026","rel":"","context":"Similar post","img":{"alt_text":"","src":"https:\/\/i0.wp.com\/danriis.dk\/wp-content\/uploads\/2015\/10\/Dan-Riis-2015-e1445793306749.jpg?fit=1200%2C414&ssl=1&resize=350%2C200","width":350,"height":200},"classes":[]},{"id":1691,"url":"https:\/\/danriis.dk\/?page_id=1691","url_meta":{"origin":2172,"position":3},"title":"Visitkort | M\u00f8llehavehuset","date":"marts 28, 2015","format":false,"excerpt":"Dette visitkort hjalp jeg www.m\u00f8llehavehuset.dk\u00a0med at lave. Foreningen best\u00e5r af frivillige som vil bringe litteratur og kulturen tilbage til udkants Danmark. Jeg har i \u00f8vrigt hjulpet foreningen med at lave deres hjemmeside.","rel":"","context":"Similar post","img":{"alt_text":"Visitkort | M\u00c3\u00b8llehavehuset | Forsiden","src":"https:\/\/i0.wp.com\/danriis.dk\/wp-content\/uploads\/2015\/03\/M\u00c3\u00b8llehave-Visitkort-2015-Forside-JPEG.jpg?resize=350%2C200","width":350,"height":200},"classes":[]},{"id":1942,"url":"https:\/\/danriis.dk\/?page_id=1942","url_meta":{"origin":2172,"position":4},"title":"Galleriebenedicte.dk","date":"oktober 25, 2015","format":false,"excerpt":"WWW.GALLERIBENEDICTE.DK Benedicte Volf S\u00f8rensen er i familie med Johannes M\u00f8llehave. Da jeg i forvejen har lavet M\u00f8llehavehuset som har til huse p\u00e5 Langeland hvor Benedicte og hendes mand Frede bor og har en ejendomsvirksomhed, spurgte de om jeg havde lyst il at lave en hjemmeside til Benedictes galleri. Benedicte elsker\u2026","rel":"","context":"Similar post","img":{"alt_text":"","src":"https:\/\/i0.wp.com\/danriis.dk\/wp-content\/uploads\/2015\/10\/DSC07542-e1445774460178.jpg?fit=1200%2C408&ssl=1&resize=350%2C200","width":350,"height":200},"classes":[]},{"id":1776,"url":"https:\/\/danriis.dk\/?page_id=1776","url_meta":{"origin":2172,"position":5},"title":"FC-H\u00d8JVANG.DK","date":"oktober 24, 2015","format":false,"excerpt":"WWW.FC-H\u00d8JVANG.DK Fritidscentret H\u00f8jvang har en s\u00e6rlig plads i mit hjerte. Det er min arbejdsplads, og ikke bare hvilken som helst arbejdsplads. Det var nemlig dette fantastiske sted som valgte at tage mig ind mens at familien stod i sit livs krise pga sygdom. Vores centerleder sagde ja til en job\u2026","rel":"","context":"Similar post","img":{"alt_text":"","src":"https:\/\/i0.wp.com\/danriis.dk\/wp-content\/uploads\/2015\/10\/FC-H--jvang-Logo-21-9.jpg?fit=1200%2C514&ssl=1&resize=350%2C200","width":350,"height":200},"classes":[]}],"_links":{"self":[{"href":"https:\/\/danriis.dk\/index.php?rest_route=\/wp\/v2\/pages\/2172","targetHints":{"allow":["GET"]}}],"collection":[{"href":"https:\/\/danriis.dk\/index.php?rest_route=\/wp\/v2\/pages"}],"about":[{"href":"https:\/\/danriis.dk\/index.php?rest_route=\/wp\/v2\/types\/page"}],"author":[{"embeddable":true,"href":"https:\/\/danriis.dk\/index.php?rest_route=\/wp\/v2\/users\/1"}],"replies":[{"embeddable":true,"href":"https:\/\/danriis.dk\/index.php?rest_route=%2Fwp%2Fv2%2Fcomments&post=2172"}],"version-history":[{"count":1,"href":"https:\/\/danriis.dk\/index.php?rest_route=\/wp\/v2\/pages\/2172\/revisions"}],"predecessor-version":[{"id":2174,"href":"https:\/\/danriis.dk\/index.php?rest_route=\/wp\/v2\/pages\/2172\/revisions\/2174"}],"wp:featuredmedia":[{"embeddable":true,"href":"https:\/\/danriis.dk\/index.php?rest_route=\/wp\/v2\/media\/2175"}],"wp:attachment":[{"href":"https:\/\/danriis.dk\/index.php?rest_route=%2Fwp%2Fv2%2Fmedia&parent=2172"}],"curies":[{"name":"wp","href":"https:\/\/api.w.org\/{rel}","templated":true}]}}